{"id":2698,"date":"2024-01-02T15:28:02","date_gmt":"2024-01-02T15:28:02","guid":{"rendered":"https:\/\/hoteltierce.com\/news\/"},"modified":"2026-04-22T07:13:39","modified_gmt":"2026-04-22T07:13:39","slug":"news","status":"publish","type":"page","link":"https:\/\/hoteltierce.com\/en\/news\/","title":{"rendered":"News"},"content":{"rendered":"\t\t<div data-elementor-type=\"wp-page\" data-elementor-id=\"2698\" class=\"elementor elementor-2698 elementor-21\">\n\t\t\t\t<div class=\"elementor-element elementor-element-6d83962 e-con-full e-flex e-con e-parent\" data-id=\"6d83962\" data-element_type=\"container\" data-e-type=\"container\" id=\"top\">\n\t\t<div class=\"elementor-element elementor-element-a513d5b e-con-full e-flex e-con e-child\" data-id=\"a513d5b\" data-element_type=\"container\" data-e-type=\"container\" data-settings=\"{&quot;background_background&quot;:&quot;classic&quot;}\">\n\t\t<div class=\"elementor-element elementor-element-66732f5 e-con-full e-flex e-con e-child\" data-id=\"66732f5\" data-element_type=\"container\" data-e-type=\"container\">\n\t\t<div class=\"elementor-element elementor-element-8fcad09 e-con-full e-flex e-con e-child\" data-id=\"8fcad09\" data-element_type=\"container\" data-e-type=\"container\" data-settings=\"{&quot;background_background&quot;:&quot;classic&quot;}\">\n\t\t<div class=\"elementor-element elementor-element-b78a1cb e-con-full e-flex elementor-invisible e-con e-child\" data-id=\"b78a1cb\" data-element_type=\"container\" data-e-type=\"container\" data-settings=\"{&quot;animation&quot;:&quot;fadeInLeft&quot;}\">\n\t\t\t\t<div class=\"elementor-element elementor-element-fbe0a12 elementor-widget elementor-widget-heading\" data-id=\"fbe0a12\" data-element_type=\"widget\" data-e-type=\"widget\" data-widget_type=\"heading.default\">\n\t\t\t\t<div class=\"elementor-widget-container\">\n\t\t\t\t\t<h1 class=\"elementor-heading-title elementor-size-default\">Offres, \u00e9v\u00e9nements &amp; bons plans \n \u00e0 Cagnes-sur-Mer\u200b<\/h1>\t\t\t\t<\/div>\n\t\t\t\t<\/div>\n\t\t\t\t<\/div>\n\t\t<div class=\"elementor-element elementor-element-1c23fbe e-con-full e-flex elementor-invisible e-con e-child\" data-id=\"1c23fbe\" data-element_type=\"container\" data-e-type=\"container\" data-settings=\"{&quot;animation&quot;:&quot;fadeIn&quot;}\">\n\t\t\t\t<div class=\"elementor-element elementor-element-c99ed98 elementor-widget elementor-widget-image\" data-id=\"c99ed98\" data-element_type=\"widget\" data-e-type=\"widget\" data-widget_type=\"image.default\">\n\t\t\t\t<div class=\"elementor-widget-container\">\n\t\t\t\t\t\t\t\t\t\t\t\t\t\t\t<img decoding=\"async\" src=\"https:\/\/hoteltierce.com\/wp-content\/uploads\/elementor\/thumbs\/gellule-horizontal-rl13forbwrahwnj5lwbw0kuu4sve38qshb4z28mlgw.png\" title=\"gellule-horizontal\" alt=\"gellule-horizontal\" loading=\"lazy\" \/>\t\t\t\t\t\t\t\t\t\t\t\t\t\t\t<\/div>\n\t\t\t\t<\/div>\n\t\t\t\t<\/div>\n\t\t\t\t<\/div>\n\t\t\t\t<\/div>\n\t\t\t\t<\/div>\n\t\t\t\t<\/div>\n\t\t<div class=\"elementor-element elementor-element-c5e8de9 e-flex e-con-boxed e-con e-parent\" data-id=\"c5e8de9\" data-element_type=\"container\" data-e-type=\"container\" data-settings=\"{&quot;background_background&quot;:&quot;classic&quot;}\">\n\t\t\t\t\t<div class=\"e-con-inner\">\n\t\t<div class=\"elementor-element elementor-element-43c55b1 e-con-full e-flex e-con e-child\" data-id=\"43c55b1\" data-element_type=\"container\" data-e-type=\"container\">\n\t\t<div class=\"elementor-element elementor-element-04e1430 e-con-full e-flex e-con e-child\" data-id=\"04e1430\" data-element_type=\"container\" data-e-type=\"container\">\n\t\t\t\t<div class=\"elementor-element elementor-element-9cdf4bb elementor-invisible elementor-widget elementor-widget-heading\" data-id=\"9cdf4bb\" data-element_type=\"widget\" data-e-type=\"widget\" data-settings=\"{&quot;_animation&quot;:&quot;fadeInDown&quot;}\" data-widget_type=\"heading.default\">\n\t\t\t\t<div class=\"elementor-widget-container\">\n\t\t\t\t\t<h2 class=\"elementor-heading-title elementor-size-default\">Offers, Events &amp; Highlights <br>\nfrom the French Riviera<\/h2>\t\t\t\t<\/div>\n\t\t\t\t<\/div>\n\t\t\t\t<div class=\"elementor-element elementor-element-49e2435 elementor-invisible elementor-widget elementor-widget-text-editor\" data-id=\"49e2435\" data-element_type=\"widget\" data-e-type=\"widget\" data-settings=\"{&quot;_animation&quot;:&quot;zoomIn&quot;}\" data-widget_type=\"text-editor.default\">\n\t\t\t\t<div class=\"elementor-widget-container\">\n\t\t\t\t\t\t\t\t\t<p>ETIK loyalty programme valid in hotels and restaurants belonging to the Citotel, Logis H\u00f4tels and Ch\u00e2teau &amp; Demeures networks.<br \/>Earn euros in over 2,400 hotels and restaurants in Europe. Register for free and start earning points for every stay or meal in our hotels and restaurants.<\/p>\t\t\t\t\t\t\t\t<\/div>\n\t\t\t\t<\/div>\n\t\t\t\t<\/div>\n\t\t<div class=\"elementor-element elementor-element-2c69677 e-con-full e-flex e-con e-child\" data-id=\"2c69677\" data-element_type=\"container\" data-e-type=\"container\">\n\t\t\t\t<div class=\"elementor-element elementor-element-e498cc1 elementor-widget elementor-widget-ucaddon_post_blocks\" data-id=\"e498cc1\" data-element_type=\"widget\" data-e-type=\"widget\" data-widget_type=\"ucaddon_post_blocks.default\">\n\t\t\t\t<div class=\"elementor-widget-container\">\n\t\t\t\t\t\n<!-- start Post Blocks -->\n\t\t<link id='font-awesome-css' href='https:\/\/hoteltierce.com\/wp-content\/plugins\/unlimited-elements-for-elementor\/assets_libraries\/font-awesome6\/fontawesome-all.min.css' type='text\/css' rel='stylesheet' >\n\t\t<link id='font-awesome-4-shim-css' href='https:\/\/hoteltierce.com\/wp-content\/plugins\/unlimited-elements-for-elementor\/assets_libraries\/font-awesome6\/fontawesome-v4-shims.min.css' type='text\/css' rel='stylesheet' >\n\n<style>\/* widget: Post Blocks *\/\n\n\n\n#uc_post_blocks_elementor_e498cc1 {\n    display:grid;\n}\n#uc_post_blocks_elementor_e498cc1 .ue_post_blocks_box\n{\n  overflow:hidden;\n}\n\n#uc_post_blocks_elementor_e498cc1 .ue_post_blocks_image\n{\n  overflow:hidden;\n}\n#uc_post_blocks_elementor_e498cc1 .ue_post_blocks_image img\n{\n  width:100%;\n  display:block;\n}\n#uc_post_blocks_elementor_e498cc1 .ue_post_blocks_link a\n{\n  display:inline-block;\n  text-decoration:none;\n  text-align:center;\n}\n\n\n#uc_post_blocks_elementor_e498cc1 .ue-grid-item-meta-data\n{\n  display:inlin-flex;\n  flex-wrap: wrap;\n}\n\n.ue-grid-item-meta-data\n{\n  font-size:12px;\n}\n\n#uc_post_blocks_elementor_e498cc1 .ue-grid-item-meta-data-icon\n{\n  line-height:1em;\n}\n\n#uc_post_blocks_elementor_e498cc1 .ue-grid-item-meta-data-icon svg\n{\n  width:1em;\n  height:1em;\n}\n\n#uc_post_blocks_elementor_e498cc1 .ue_post_blocks_box{\n  display: flex;\n  flex-direction: column;\n}\n#uc_post_blocks_elementor_e498cc1 .ue_post_blocks_content{\n display: flex; flex-grow: 1;\n flex-direction: column;\n}\n#uc_post_blocks_elementor_e498cc1 .ue_post_blocks_link{ margin-top: auto;\n}\n\n.ue-grid-item-category a\n{\n  display:inline-block;\n  font-size:10px;\n  text-transform:uppercase;\n}\n\n\n\n\n<\/style>\n\n<div id=\"uc_post_blocks_elementor_e498cc1\" class=\"ue_post_blocks uc-items-wrapper \" >\n    <div class=\"ue_post_blocks_box\">\n    <div class=\"ue_post_blocks_image\">\n    <a href=\"https:\/\/hoteltierce.com\/en\/must-see-spring-outings-near-the-hotel-tierce\/\" style=\"display:block;\"><img fetchpriority=\"high\" decoding=\"async\" src=\"https:\/\/hoteltierce.com\/wp-content\/uploads\/2026\/04\/img-1330-scaled-e1755593214888-768x270.jpg\"  src=\"https:\/\/hoteltierce.com\/wp-content\/uploads\/2026\/04\/img-1330-scaled-e1755593214888-768x270.jpg\" alt=\"img-1330-scaled-e1755593214888\" width=\"768\" height=\"270\"><\/a>\n  <\/div>\n    <div class=\"ue_post_blocks_content\">\n      \n     \n         \n    <div class=\"ue_post_blocks_title\"><a href=\"https:\/\/hoteltierce.com\/en\/must-see-spring-outings-near-the-hotel-tierce\/\">Must-see spring outings near the H\u00f4tel Tierc\u00e9<\/a><\/div>    \n        \n    \n    <div class=\"ue_post_blocks_text\">In the spring, Cagnes-sur-Mer is the perfect destination for long weekends, the May bank holidays, and...<\/div>        \t<div class=\"ue_post_blocks_link\">\n          <a class=\" \" href='https:\/\/hoteltierce.com\/en\/must-see-spring-outings-near-the-hotel-tierce\/'>Read More<\/a>\n    \t<\/div>\n      <\/div>\n<\/div>\n\n<\/div>\n<!-- end Post Blocks -->\t\t\t\t<\/div>\n\t\t\t\t<\/div>\n\t\t\t\t<\/div>\n\t\t\t\t<\/div>\n\t\t\t\t\t<\/div>\n\t\t\t\t<\/div>\n\t\t<div class=\"elementor-element elementor-element-898eb96 e-flex e-con-boxed e-con e-parent\" data-id=\"898eb96\" data-element_type=\"container\" data-e-type=\"container\">\n\t\t\t\t\t<div class=\"e-con-inner\">\n\t\t\t\t\t<\/div>\n\t\t\t\t<\/div>\n\t\t<div class=\"elementor-element elementor-element-759e967 e-con-full elementor-hidden-desktop e-flex e-con e-parent\" data-id=\"759e967\" data-element_type=\"container\" data-e-type=\"container\" data-settings=\"{&quot;position&quot;:&quot;fixed&quot;}\">\n\t\t\t\t<div class=\"elementor-element elementor-element-3a86ae6 elementor-view-default elementor-widget elementor-widget-icon\" data-id=\"3a86ae6\" data-element_type=\"widget\" data-e-type=\"widget\" data-widget_type=\"icon.default\">\n\t\t\t\t<div class=\"elementor-widget-container\">\n\t\t\t\t\t\t\t<div class=\"elementor-icon-wrapper\">\n\t\t\t<a class=\"elementor-icon\" href=\"#top\">\n\t\t\t<svg xmlns=\"http:\/\/www.w3.org\/2000\/svg\" width=\"32\" height=\"32\" viewBox=\"0 0 24 24\"><path fill=\"#888888\" d=\"M11 11.8V15q0 .425.288.713T12 16q.425 0 .713-.288T13 15v-3.2l.9.9q.275.275.7.275t.7-.275q.275-.275.275-.7t-.275-.7l-2.6-2.6q-.3-.3-.7-.3t-.7.3l-2.6 2.6q-.275.275-.275.7t.275.7q.275.275.7.275t.7-.275zM12 22q-2.075 0-3.9-.788t-3.175-2.137q-1.35-1.35-2.137-3.175T2 12q0-2.075.788-3.9t2.137-3.175q1.35-1.35 3.175-2.137T12 2q2.075 0 3.9.788t3.175 2.137q1.35 1.35 2.138 3.175T22 12q0 2.075-.788 3.9t-2.137 3.175q-1.35 1.35-3.175 2.138T12 22m0-2q3.35 0 5.675-2.325T20 12q0-3.35-2.325-5.675T12 4Q8.65 4 6.325 6.325T4 12q0 3.35 2.325 5.675T12 20m0-8\"><\/path><\/svg>\t\t\t<\/a>\n\t\t<\/div>\n\t\t\t\t\t\t<\/div>\n\t\t\t\t<\/div>\n\t\t\t\t<\/div>\n\t\t\t\t<\/div>\n\t\t","protected":false},"excerpt":{"rendered":"<p>Offres, \u00e9v\u00e9nements &amp; bons plans \u00e0 Cagnes-sur-Mer\u200b Offers, Events &amp; Highlights from the French Riviera ETIK loyalty programme valid in hotels and restaurants belonging to the Citotel, Logis H\u00f4tels and Ch\u00e2teau &amp; Demeures networks.Earn euros in over 2,400 hotels and restaurants in Europe. Register for free and start earning points for every stay or meal&hellip; <a class=\"more-link\" href=\"https:\/\/hoteltierce.com\/en\/news\/\">Continue reading <span class=\"screen-reader-text\">News<\/span><\/a><\/p>\n","protected":false},"author":3,"featured_media":0,"parent":0,"menu_order":0,"comment_status":"closed","ping_status":"closed","template":"","meta":{"_seopress_robots_primary_cat":"","_seopress_titles_title":"Hotel News & Local Tips \u2013 H\u00f4tel Tierc\u00e9 | Cagnes-sur-Mer, French Riviera","_seopress_titles_desc":"Stay up to date with the latest news from H\u00f4tel Tierc\u00e9 in Cagnes-sur-Mer: special offers, events on the French Riviera\u2026","_seopress_robots_index":"","footnotes":""},"class_list":["post-2698","page","type-page","status-publish","hentry","entry"],"_links":{"self":[{"href":"https:\/\/hoteltierce.com\/en\/wp-json\/wp\/v2\/pages\/2698","targetHints":{"allow":["GET"]}}],"collection":[{"href":"https:\/\/hoteltierce.com\/en\/wp-json\/wp\/v2\/pages"}],"about":[{"href":"https:\/\/hoteltierce.com\/en\/wp-json\/wp\/v2\/types\/page"}],"author":[{"embeddable":true,"href":"https:\/\/hoteltierce.com\/en\/wp-json\/wp\/v2\/users\/3"}],"replies":[{"embeddable":true,"href":"https:\/\/hoteltierce.com\/en\/wp-json\/wp\/v2\/comments?post=2698"}],"version-history":[{"count":7,"href":"https:\/\/hoteltierce.com\/en\/wp-json\/wp\/v2\/pages\/2698\/revisions"}],"predecessor-version":[{"id":3743,"href":"https:\/\/hoteltierce.com\/en\/wp-json\/wp\/v2\/pages\/2698\/revisions\/3743"}],"wp:attachment":[{"href":"https:\/\/hoteltierce.com\/en\/wp-json\/wp\/v2\/media?parent=2698"}],"curies":[{"name":"wp","href":"https:\/\/api.w.org\/{rel}","templated":true}]}}